{"id":7,"date":"2018-04-09T09:09:43","date_gmt":"2018-04-09T09:09:43","guid":{"rendered":"http:\/\/localhost:8888\/db_fbd\/\/?page_id=7"},"modified":"2021-03-16T15:46:03","modified_gmt":"2021-03-16T14:46:03","slug":"home","status":"publish","type":"page","link":"https:\/\/blog.uantwerpen.be\/pintra\/","title":{"rendered":"Home"},"content":{"rendered":"<div class=\"important-item\">\n \t\t\t<a href=\"https:\/\/blog.uantwerpen.be\/pintra\/work-life-balance-aan-uantwerpen-tussen-flexibiliteit-en-verbondenheid\/\"><div class=\"grid-image\" style=\"background-image:url(https:\/\/blog.uantwerpen.be\/pintra\/wp-content\/uploads\/2026\/04\/Tinneke-Lauriks-en-Karen-Vandevelde.jpg);\"><\/div><\/a>\n\t\t\t<div class=\"grid-content\">\n\t\t\t\t<div class=\"wrap-half\">\n\t\t\t\t\t<div class=\"title\"><a href=\"https:\/\/blog.uantwerpen.be\/pintra\/work-life-balance-aan-uantwerpen-tussen-flexibiliteit-en-verbondenheid\/\"><h2>Work-life balance aan UAntwerpen: tussen flexibiliteit en verbondenheid\u00a0<\/h2><\/a><\/div>\n\t\t\t\t\t<div class=\"recent-exerpt\">De ene collega wil graag een dag thuis in alle rust kunnen werken. De ander wil net de dynamiek van de campus, flexibele uren of een andere structuur. Work-life balance aan UAntwerpen laat zich niet in \u00e9\u00e9n formule vatten. En net daar zit de uitdaging: hoe cre\u00ebren we een zorgzame werkomgeving waarin er ruimte is voor verschillen en het tegelijkertijd voor iedereen werkbaar blijft?<\/div>\n\t\t\t\t\t<div class=\"recent-tags\"><p>#<a href=\"https:\/\/blog.uantwerpen.be\/pintra\/tag\/mentaal-welzijn\/\" rel=\"tag\">mentaal welzijn<\/a> #<a href=\"https:\/\/blog.uantwerpen.be\/pintra\/tag\/we-care\/\" rel=\"tag\">we care<\/a> #<a href=\"https:\/\/blog.uantwerpen.be\/pintra\/tag\/welzijn\/\" rel=\"tag\">welzijn<\/a> #<a href=\"https:\/\/blog.uantwerpen.be\/pintra\/tag\/work-life-balance\/\" rel=\"tag\">work-life balance<\/a><\/p><\/div>\n\t\t\t\t\t<div class=\"readmore\"><a href=\"https:\/\/blog.uantwerpen.be\/pintra\/work-life-balance-aan-uantwerpen-tussen-flexibiliteit-en-verbondenheid\/\">Lees meer<\/a><\/div>\n\t\t\t\t<\/div>\n\t\t\t<\/div>\n\t\t   <\/div>\n","protected":false},"excerpt":{"rendered":"","protected":false},"author":6,"featured_media":0,"parent":0,"menu_order":0,"comment_status":"closed","ping_status":"closed","template":"","meta":{"_acf_changed":false,"footnotes":""},"coauthors":[30],"class_list":["post-7","page","type-page","status-publish","hentry"],"acf":[],"yoast_head":"<!-- This site is optimized with the Yoast SEO plugin v27.4 - https:\/\/yoast.com\/product\/yoast-seo-wordpress\/ -->\n<title>Home - Pintra blog<\/title>\n<meta name=\"robots\" content=\"index, follow, max-snippet:-1, max-image-preview:large, max-video-preview:-1\" \/>\n<link rel=\"canonical\" href=\"https:\/\/blog.uantwerpen.be\/pintra\/\" \/>\n<meta property=\"og:locale\" content=\"nl_BE\" \/>\n<meta property=\"og:type\" content=\"article\" \/>\n<meta property=\"og:title\" content=\"Home - Pintra blog\" \/>\n<meta property=\"og:url\" content=\"https:\/\/blog.uantwerpen.be\/pintra\/\" \/>\n<meta property=\"og:site_name\" content=\"Pintra blog\" \/>\n<meta property=\"article:modified_time\" content=\"2021-03-16T14:46:03+00:00\" \/>\n<meta name=\"twitter:card\" content=\"summary_large_image\" \/>\n<meta name=\"twitter:label1\" content=\"Geschatte leestijd\" \/>\n\t<meta name=\"twitter:data1\" content=\"1 minuut\" \/>\n\t<meta name=\"twitter:label2\" content=\"Written by\" \/>\n\t<meta name=\"twitter:data2\" content=\"Ann Segers\" \/>\n<script type=\"application\/ld+json\" class=\"yoast-schema-graph\">{\"@context\":\"https:\\\/\\\/schema.org\",\"@graph\":[{\"@type\":\"WebPage\",\"@id\":\"https:\\\/\\\/blog.uantwerpen.be\\\/pintra\\\/\",\"url\":\"https:\\\/\\\/blog.uantwerpen.be\\\/pintra\\\/\",\"name\":\"Home - Pintra blog\",\"isPartOf\":{\"@id\":\"https:\\\/\\\/blog.uantwerpen.be\\\/pintra\\\/#website\"},\"datePublished\":\"2018-04-09T09:09:43+00:00\",\"dateModified\":\"2021-03-16T14:46:03+00:00\",\"breadcrumb\":{\"@id\":\"https:\\\/\\\/blog.uantwerpen.be\\\/pintra\\\/#breadcrumb\"},\"inLanguage\":\"nl-BE\",\"potentialAction\":[{\"@type\":\"ReadAction\",\"target\":[\"https:\\\/\\\/blog.uantwerpen.be\\\/pintra\\\/\"]}]},{\"@type\":\"BreadcrumbList\",\"@id\":\"https:\\\/\\\/blog.uantwerpen.be\\\/pintra\\\/#breadcrumb\",\"itemListElement\":[{\"@type\":\"ListItem\",\"position\":1,\"name\":\"Home\",\"item\":\"https:\\\/\\\/blog.uantwerpen.be\\\/pintra\\\/\"},{\"@type\":\"ListItem\",\"position\":2,\"name\":\"Home\"}]},{\"@type\":\"WebSite\",\"@id\":\"https:\\\/\\\/blog.uantwerpen.be\\\/pintra\\\/#website\",\"url\":\"https:\\\/\\\/blog.uantwerpen.be\\\/pintra\\\/\",\"name\":\"Pintra blog\",\"description\":\"Pintra blog\",\"publisher\":{\"@id\":\"https:\\\/\\\/blog.uantwerpen.be\\\/pintra\\\/#organization\"},\"potentialAction\":[{\"@type\":\"SearchAction\",\"target\":{\"@type\":\"EntryPoint\",\"urlTemplate\":\"https:\\\/\\\/blog.uantwerpen.be\\\/pintra\\\/?s={search_term_string}\"},\"query-input\":{\"@type\":\"PropertyValueSpecification\",\"valueRequired\":true,\"valueName\":\"search_term_string\"}}],\"inLanguage\":\"nl-BE\"},{\"@type\":\"Organization\",\"@id\":\"https:\\\/\\\/blog.uantwerpen.be\\\/pintra\\\/#organization\",\"name\":\"Pintra blog\",\"url\":\"https:\\\/\\\/blog.uantwerpen.be\\\/pintra\\\/\",\"logo\":{\"@type\":\"ImageObject\",\"inLanguage\":\"nl-BE\",\"@id\":\"https:\\\/\\\/blog.uantwerpen.be\\\/pintra\\\/#\\\/schema\\\/logo\\\/image\\\/\",\"url\":\"https:\\\/\\\/blog.uantwerpen.be\\\/pintra\\\/wp-content\\\/uploads\\\/2021\\\/09\\\/cropped-UA-hor-1-nl-white.png\",\"contentUrl\":\"https:\\\/\\\/blog.uantwerpen.be\\\/pintra\\\/wp-content\\\/uploads\\\/2021\\\/09\\\/cropped-UA-hor-1-nl-white.png\",\"width\":873,\"height\":250,\"caption\":\"Pintra blog\"},\"image\":{\"@id\":\"https:\\\/\\\/blog.uantwerpen.be\\\/pintra\\\/#\\\/schema\\\/logo\\\/image\\\/\"}}]}<\/script>\n<!-- \/ Yoast SEO plugin. -->","yoast_head_json":{"title":"Home - Pintra blog","robots":{"index":"index","follow":"follow","max-snippet":"max-snippet:-1","max-image-preview":"max-image-preview:large","max-video-preview":"max-video-preview:-1"},"canonical":"https:\/\/blog.uantwerpen.be\/pintra\/","og_locale":"nl_BE","og_type":"article","og_title":"Home - Pintra blog","og_url":"https:\/\/blog.uantwerpen.be\/pintra\/","og_site_name":"Pintra blog","article_modified_time":"2021-03-16T14:46:03+00:00","twitter_card":"summary_large_image","twitter_misc":{"Geschatte leestijd":"1 minuut","Written by":"Ann Segers"},"schema":{"@context":"https:\/\/schema.org","@graph":[{"@type":"WebPage","@id":"https:\/\/blog.uantwerpen.be\/pintra\/","url":"https:\/\/blog.uantwerpen.be\/pintra\/","name":"Home - Pintra blog","isPartOf":{"@id":"https:\/\/blog.uantwerpen.be\/pintra\/#website"},"datePublished":"2018-04-09T09:09:43+00:00","dateModified":"2021-03-16T14:46:03+00:00","breadcrumb":{"@id":"https:\/\/blog.uantwerpen.be\/pintra\/#breadcrumb"},"inLanguage":"nl-BE","potentialAction":[{"@type":"ReadAction","target":["https:\/\/blog.uantwerpen.be\/pintra\/"]}]},{"@type":"BreadcrumbList","@id":"https:\/\/blog.uantwerpen.be\/pintra\/#breadcrumb","itemListElement":[{"@type":"ListItem","position":1,"name":"Home","item":"https:\/\/blog.uantwerpen.be\/pintra\/"},{"@type":"ListItem","position":2,"name":"Home"}]},{"@type":"WebSite","@id":"https:\/\/blog.uantwerpen.be\/pintra\/#website","url":"https:\/\/blog.uantwerpen.be\/pintra\/","name":"Pintra blog","description":"Pintra blog","publisher":{"@id":"https:\/\/blog.uantwerpen.be\/pintra\/#organization"},"potentialAction":[{"@type":"SearchAction","target":{"@type":"EntryPoint","urlTemplate":"https:\/\/blog.uantwerpen.be\/pintra\/?s={search_term_string}"},"query-input":{"@type":"PropertyValueSpecification","valueRequired":true,"valueName":"search_term_string"}}],"inLanguage":"nl-BE"},{"@type":"Organization","@id":"https:\/\/blog.uantwerpen.be\/pintra\/#organization","name":"Pintra blog","url":"https:\/\/blog.uantwerpen.be\/pintra\/","logo":{"@type":"ImageObject","inLanguage":"nl-BE","@id":"https:\/\/blog.uantwerpen.be\/pintra\/#\/schema\/logo\/image\/","url":"https:\/\/blog.uantwerpen.be\/pintra\/wp-content\/uploads\/2021\/09\/cropped-UA-hor-1-nl-white.png","contentUrl":"https:\/\/blog.uantwerpen.be\/pintra\/wp-content\/uploads\/2021\/09\/cropped-UA-hor-1-nl-white.png","width":873,"height":250,"caption":"Pintra blog"},"image":{"@id":"https:\/\/blog.uantwerpen.be\/pintra\/#\/schema\/logo\/image\/"}}]}},"_links":{"self":[{"href":"https:\/\/blog.uantwerpen.be\/pintra\/wp-json\/wp\/v2\/pages\/7","targetHints":{"allow":["GET"]}}],"collection":[{"href":"https:\/\/blog.uantwerpen.be\/pintra\/wp-json\/wp\/v2\/pages"}],"about":[{"href":"https:\/\/blog.uantwerpen.be\/pintra\/wp-json\/wp\/v2\/types\/page"}],"author":[{"embeddable":true,"href":"https:\/\/blog.uantwerpen.be\/pintra\/wp-json\/wp\/v2\/users\/6"}],"replies":[{"embeddable":true,"href":"https:\/\/blog.uantwerpen.be\/pintra\/wp-json\/wp\/v2\/comments?post=7"}],"version-history":[{"count":5,"href":"https:\/\/blog.uantwerpen.be\/pintra\/wp-json\/wp\/v2\/pages\/7\/revisions"}],"predecessor-version":[{"id":4418,"href":"https:\/\/blog.uantwerpen.be\/pintra\/wp-json\/wp\/v2\/pages\/7\/revisions\/4418"}],"wp:attachment":[{"href":"https:\/\/blog.uantwerpen.be\/pintra\/wp-json\/wp\/v2\/media?parent=7"}],"wp:term":[{"taxonomy":"author","embeddable":true,"href":"https:\/\/blog.uantwerpen.be\/pintra\/wp-json\/wp\/v2\/coauthors?post=7"}],"curies":[{"name":"wp","href":"https:\/\/api.w.org\/{rel}","templated":true}]}}